{"id":718,"date":"2025-10-31T11:32:57","date_gmt":"2025-10-31T11:32:57","guid":{"rendered":"https:\/\/casalungagolf.it\/?page_id=718"},"modified":"2025-10-31T11:34:40","modified_gmt":"2025-10-31T11:34:40","slug":"privacy","status":"publish","type":"page","link":"https:\/\/casalungagolf.it\/?page_id=718","title":{"rendered":"Privacy"},"content":{"rendered":"\t\t<div data-elementor-type=\"wp-page\" data-elementor-id=\"718\" class=\"elementor elementor-718\">\n\t\t\t\t<div class=\"elementor-element elementor-element-4107edd e-flex e-con-boxed e-con e-parent\" data-id=\"4107edd\" data-element_type=\"container\" data-settings=\"{&quot;background_background&quot;:&quot;classic&quot;}\">\n\t\t\t\t\t<div class=\"e-con-inner\">\n\t\t<div class=\"elementor-element elementor-element-18dcd5e e-con-full e-flex e-con e-child\" data-id=\"18dcd5e\" data-element_type=\"container\">\n\t\t\t\t<div class=\"elementor-element elementor-element-c774c2e elementor-widget elementor-widget-text-editor\" data-id=\"c774c2e\" data-element_type=\"widget\" data-widget_type=\"text-editor.default\">\n\t\t\t\t\t\t\t\t\t<p>golf club casalunga asd<\/p>\t\t\t\t\t\t\t\t<\/div>\n\t\t\t\t<div class=\"elementor-element elementor-element-c5e005c elementor-widget elementor-widget-hfe-infocard\" data-id=\"c5e005c\" data-element_type=\"widget\" data-widget_type=\"hfe-infocard.default\">\n\t\t\t\t<div class=\"elementor-widget-container\">\n\t\t\t\t\t\n\t\t<div class=\"hfe-infocard\">\n\t\t\t\t\t\t\t\t\t<div class=\"hfe-infocard-title-wrap\">\n\t\t\t\t<h2 class=\"hfe-infocard-title elementor-inline-editing\" data-elementor-setting-key=\"infocard_title\" data-elementor-inline-editing-toolbar=\"basic\" >PRIVACY<\/h2>\t\t\t<\/div>\n\t\t\t\t\t\t<div class=\"hfe-infocard-text-wrap\">\n\t\t\t\t<div class=\"hfe-infocard-text elementor-inline-editing\" data-elementor-setting-key=\"infocard_description\" data-elementor-inline-editing-toolbar=\"advanced\">\n\t\t\t\t\t\t\t\t\t<\/div>\n\t\t\t\t\t\t\t<\/div>\n\t\t<\/div>\n\n\t\t\t\t\t\t<\/div>\n\t\t\t\t<\/div>\n\t\t\t\t<div class=\"elementor-element elementor-element-8a48af0 elementor-widget elementor-widget-text-editor\" data-id=\"8a48af0\" data-element_type=\"widget\" data-widget_type=\"text-editor.default\">\n\t\t\t\t\t\t\t\t\t<p>Ai sensi e per gli effetti dell\u2019art. 13 del Regolamento (UE) 679\/2016<\/p><ul><li>Con la presente, ti informiamo che i dati personali che ci fornirai compilando il presente form (nome, indirizzo di posta elettronica, numero di telefono ) verranno trattati da Golf Club \u00a0Casalunga Asd nella persona di\u00a0 Maria Sarag\u00f2 (Partita IVA 01613181203 \/ Codice Fiscale 92032400373) , di seguito\u00a0<em>Titolare del trattamento<\/em>, con sede in \u00a0via C\u00e0 Belfiore 8, 40055 Castenaso, BOLOGNA \u00a0(mail: <a href=\"mailto:segreteria@casalungagolf.it\">segreteria@casalungagolf.it<\/a>\u00a0 ; <a href=\"mailto:presidenza@casalungagolf.it\">presidenza@casalungagolf.it<\/a> )<\/li><\/ul><p>\u00a0allo scopo di dare seguito alle tue richieste di informazioni.<\/p><p>\u00a0<\/p><p>Il trattamento dei tuoi dati si fonder\u00e0 sul quesito da te posto e, per ci\u00f2 stesso, sul legittimo interesse del Titolare nel dare tempestivo riscontro alla tua domanda.<\/p><p>\u00a0<\/p><p>I dati potranno essere comunicati soltanto a soggetti eventualmente designati come responsabili (es. consulenti in ambito di assistenza informatica, eventuali societ\u00e0 di hosting ecc.) ed ai membri dell\u2019associazione culturale, nonch\u00e9 al personale interno autorizzato dal Titolare del trattamento a fornire riscontri e, in generale, istruito in punto alle modalit\u00e0 del trattamento.<\/p><p>\u00a0<\/p><p>I tuoi dati, fuori dai casi previsti, non saranno ceduti, diffusi o trasferiti in paesi extra UE.<\/p><p>\u00a0<\/p><p>I tuoi dati saranno conservati solo per il tempo necessario a dar seguito alle tue richieste di informazioni e saranno cancellati, al pi\u00f9 tardi, decorsi 60 giorni dal loro conferimento.<\/p><p>\u00a0<\/p><p>Il conferimento dei dati immessi nel form al fine di ricevere un riscontro \u00e8 facoltativo e rimesso alla tua volont\u00e0. In mancanza di conferimento il Titolare del trattamento non potr\u00e0 fornire un adeguato riscontro alla tua richiesta.<\/p><p>\u00a0<\/p><p>In quanto soggetto interessato, nei casi previsti, ti viene garantito l\u2019esercizio dei seguenti diritti: diritto di accesso ai dati conferiti, diritto di rettifica, diritto alla cancellazione, diritto alla portabilit\u00e0 dei dati. Hai altres\u00ec il diritto di domandare la limitazione del trattamento dei dati conferiti e di opporti ad esso (artt. 15 e seguenti Regolamento UE 2016\/679). Tali diritti possono essere fatti valere attraverso una richiesta scritta al Titolare del trattamento.<\/p><p>\u00a0<\/p><p>Hai infine diritto a proporre reclamo al Garante per la protezione dei dati personali, seguendo le indicazioni contenute all\u2019indirizzo:<\/p><p><br \/><a href=\"https:\/\/www.garanteprivacy.it\/web\/guest\/home\/docweb\/-\/docweb-display\/docweb\/1050491\">https:\/\/www.garanteprivacy.it\/web\/guest\/home\/docweb\/-\/docweb-display\/docweb\/1050491<\/a><\/p>\t\t\t\t\t\t\t\t<\/div>\n\t\t\t\t<\/div>\n\t\t\t\t\t<\/div>\n\t\t\t\t<\/div>\n\t\t\t\t<\/div>\n\t\t","protected":false},"excerpt":{"rendered":"<p>golf club casalunga asd PRIVACY Ai sensi e per gli effetti dell\u2019art. 13 del Regolamento (UE) 679\/2016 Con la presente, ti informiamo che i dati personali che ci fornirai compilando il presente form (nome, indirizzo di posta elettronica, numero di telefono ) verranno trattati da Golf Club \u00a0Casalunga Asd nella persona di\u00a0 Maria Sarag\u00f2 (Partita [&hellip;]<\/p>\n","protected":false},"author":1,"featured_media":0,"parent":0,"menu_order":0,"comment_status":"closed","ping_status":"closed","template":"","meta":{"site-sidebar-layout":"no-sidebar","site-content-layout":"","ast-site-content-layout":"full-width-container","site-content-style":"default","site-sidebar-style":"default","ast-global-header-display":"","ast-banner-title-visibility":"","ast-main-header-display":"","ast-hfb-above-header-display":"","ast-hfb-below-header-display":"","ast-hfb-mobile-header-display":"","site-post-title":"disabled","ast-breadcrumbs-content":"","ast-featured-img":"disabled","footer-sml-layout":"","theme-transparent-header-meta":"default","adv-header-id-meta":"","stick-header-meta":"","header-above-stick-meta":"","header-main-stick-meta":"","header-below-stick-meta":"","astra-migrate-meta-layouts":"set","ast-page-background-enabled":"default","ast-page-background-meta":{"desktop":{"background-color":"var(--ast-global-color-5)","background-image":"","background-repeat":"repeat","background-position":"center center","background-size":"auto","background-attachment":"scroll","background-type":"","background-media":"","overlay-type":"","overlay-color":"","overlay-opacity":"","overlay-gradient":""},"tablet":{"background-color":"","background-image":"","background-repeat":"repeat","background-position":"center center","background-size":"auto","background-attachment":"scroll","background-type":"","background-media":"","overlay-type":"","overlay-color":"","overlay-opacity":"","overlay-gradient":""},"mobile":{"background-color":"","background-image":"","background-repeat":"repeat","background-position":"center center","background-size":"auto","background-attachment":"scroll","background-type":"","background-media":"","overlay-type":"","overlay-color":"","overlay-opacity":"","overlay-gradient":""}},"ast-content-background-meta":{"desktop":{"background-color":"var(--ast-global-color-4)","background-image":"","background-repeat":"repeat","background-position":"center center","background-size":"auto","background-attachment":"scroll","background-type":"","background-media":"","overlay-type":"","overlay-color":"","overlay-opacity":"","overlay-gradient":""},"tablet":{"background-color":"var(--ast-global-color-4)","background-image":"","background-repeat":"repeat","background-position":"center center","background-size":"auto","background-attachment":"scroll","background-type":"","background-media":"","overlay-type":"","overlay-color":"","overlay-opacity":"","overlay-gradient":""},"mobile":{"background-color":"var(--ast-global-color-4)","background-image":"","background-repeat":"repeat","background-position":"center center","background-size":"auto","background-attachment":"scroll","background-type":"","background-media":"","overlay-type":"","overlay-color":"","overlay-opacity":"","overlay-gradient":""}},"footnotes":""},"class_list":["post-718","page","type-page","status-publish","hentry"],"_links":{"self":[{"href":"https:\/\/casalungagolf.it\/index.php?rest_route=\/wp\/v2\/pages\/718","targetHints":{"allow":["GET"]}}],"collection":[{"href":"https:\/\/casalungagolf.it\/index.php?rest_route=\/wp\/v2\/pages"}],"about":[{"href":"https:\/\/casalungagolf.it\/index.php?rest_route=\/wp\/v2\/types\/page"}],"author":[{"embeddable":true,"href":"https:\/\/casalungagolf.it\/index.php?rest_route=\/wp\/v2\/users\/1"}],"replies":[{"embeddable":true,"href":"https:\/\/casalungagolf.it\/index.php?rest_route=%2Fwp%2Fv2%2Fcomments&post=718"}],"version-history":[{"count":7,"href":"https:\/\/casalungagolf.it\/index.php?rest_route=\/wp\/v2\/pages\/718\/revisions"}],"predecessor-version":[{"id":725,"href":"https:\/\/casalungagolf.it\/index.php?rest_route=\/wp\/v2\/pages\/718\/revisions\/725"}],"wp:attachment":[{"href":"https:\/\/casalungagolf.it\/index.php?rest_route=%2Fwp%2Fv2%2Fmedia&parent=718"}],"curies":[{"name":"wp","href":"https:\/\/api.w.org\/{rel}","templated":true}]}}